{"id":597,"date":"2019-08-02T11:20:18","date_gmt":"2019-08-02T11:20:18","guid":{"rendered":"http:\/\/solrosen.floradekor.com\/?page_id=597"},"modified":"2026-02-27T10:13:42","modified_gmt":"2026-02-27T10:13:42","slug":"personal-lena-utkast","status":"publish","type":"page","link":"https:\/\/solrosen.floradekor.com\/?page_id=597","title":{"rendered":"Personal Lena"},"content":{"rendered":"<h2>Vi som jobbar p\u00e5 f\u00f6rskolan Solrosen i Lena:<\/h2>\n<p style=\"text-align: center; font-size: 18pt; margin-bottom: 0px;\"><strong>Nyckelpigan 4 &#8211; 6 \u00e5r<br \/>\n<\/strong><\/p>\n\n\t\t<style type=\"text\/css\">\n\t\t\t#gallery-1 {\n\t\t\t\tmargin: auto;\n\t\t\t}\n\t\t\t#gallery-1 .gallery-item {\n\t\t\t\tfloat: left;\n\t\t\t\tmargin-top: 10px;\n\t\t\t\ttext-align: center;\n\t\t\t\twidth: 50%;\n\t\t\t}\n\t\t\t#gallery-1 img {\n\t\t\t\tborder: 2px solid #cfcfcf;\n\t\t\t}\n\t\t\t#gallery-1 .gallery-caption {\n\t\t\t\tmargin-left: 0;\n\t\t\t}\n\t\t\t\/* see gallery_shortcode() in wp-includes\/media.php *\/\n\t\t<\/style>\n\t\t<div id='gallery-1' class='gallery galleryid-597 gallery-columns-2 gallery-size-medium'><dl class='gallery-item'>\n\t\t\t<dt class='gallery-icon portrait'>\n\t\t\t\t<img width=\"200\" height=\"300\" src=\"https:\/\/solrosen.floradekor.com\/wp-content\/uploads\/2022\/02\/JG-8100-200x300.jpg\" class=\"attachment-medium size-medium\" alt=\"\" decoding=\"async\" loading=\"lazy\" aria-describedby=\"gallery-1-787\" srcset=\"https:\/\/solrosen.floradekor.com\/wp-content\/uploads\/2022\/02\/JG-8100-200x300.jpg 200w, https:\/\/solrosen.floradekor.com\/wp-content\/uploads\/2022\/02\/JG-8100-768x1152.jpg 768w, https:\/\/solrosen.floradekor.com\/wp-content\/uploads\/2022\/02\/JG-8100-683x1024.jpg 683w, https:\/\/solrosen.floradekor.com\/wp-content\/uploads\/2022\/02\/JG-8100.jpg 1280w\" sizes=\"(max-width: 200px) 100vw, 200px\" \/>\n\t\t\t<\/dt>\n\t\t\t\t<dd class='wp-caption-text gallery-caption' id='gallery-1-787'>\n\t\t\t\tKristina B\u00f6rjesj\u00f6 <br> <span style=\"font-size: 8pt; color:#707070;\">L\u00e4rare\/Pedagog<\/span>\n\t\t\t\t<\/dd><\/dl>\n\t\t\t<br style='clear: both' \/>\n\t\t<\/div>\n\n<hr \/>\n<p style=\"text-align: center; font-size: 18pt; margin-bottom: 0px;\"><strong>Humlan &amp; Kotten 3 &#8211; 5 \u00e5r<br \/>\n<\/strong><\/p>\n\n\t\t<style type=\"text\/css\">\n\t\t\t#gallery-2 {\n\t\t\t\tmargin: auto;\n\t\t\t}\n\t\t\t#gallery-2 .gallery-item {\n\t\t\t\tfloat: left;\n\t\t\t\tmargin-top: 10px;\n\t\t\t\ttext-align: center;\n\t\t\t\twidth: 50%;\n\t\t\t}\n\t\t\t#gallery-2 img {\n\t\t\t\tborder: 2px solid #cfcfcf;\n\t\t\t}\n\t\t\t#gallery-2 .gallery-caption {\n\t\t\t\tmargin-left: 0;\n\t\t\t}\n\t\t\t\/* see gallery_shortcode() in wp-includes\/media.php *\/\n\t\t<\/style>\n\t\t<div id='gallery-2' class='gallery galleryid-597 gallery-columns-2 gallery-size-medium'><dl class='gallery-item'>\n\t\t\t<dt class='gallery-icon portrait'>\n\t\t\t\t<img width=\"200\" height=\"300\" src=\"https:\/\/solrosen.floradekor.com\/wp-content\/uploads\/2023\/02\/JG-9432-200x300.jpg\" class=\"attachment-medium size-medium\" alt=\"\" decoding=\"async\" loading=\"lazy\" aria-describedby=\"gallery-2-830\" srcset=\"https:\/\/solrosen.floradekor.com\/wp-content\/uploads\/2023\/02\/JG-9432-200x300.jpg 200w, https:\/\/solrosen.floradekor.com\/wp-content\/uploads\/2023\/02\/JG-9432-768x1152.jpg 768w, https:\/\/solrosen.floradekor.com\/wp-content\/uploads\/2023\/02\/JG-9432-683x1024.jpg 683w, https:\/\/solrosen.floradekor.com\/wp-content\/uploads\/2023\/02\/JG-9432.jpg 1280w\" sizes=\"(max-width: 200px) 100vw, 200px\" \/>\n\t\t\t<\/dt>\n\t\t\t\t<dd class='wp-caption-text gallery-caption' id='gallery-2-830'>\n\t\t\t\tLovisa Br\u00e4nnstr\u00f6m<br> <span style=\"font-size: 8pt; color:#707070;\">Pedagog\/Barnsk\u00f6tare<\/span>\n\t\t\t\t<\/dd><\/dl><dl class='gallery-item'>\n\t\t\t<dt class='gallery-icon portrait'>\n\t\t\t\t<img width=\"200\" height=\"300\" src=\"https:\/\/solrosen.floradekor.com\/wp-content\/uploads\/2021\/08\/JG-7222-200x300.jpg\" class=\"attachment-medium size-medium\" alt=\"\" decoding=\"async\" loading=\"lazy\" aria-describedby=\"gallery-2-741\" srcset=\"https:\/\/solrosen.floradekor.com\/wp-content\/uploads\/2021\/08\/JG-7222-200x300.jpg 200w, https:\/\/solrosen.floradekor.com\/wp-content\/uploads\/2021\/08\/JG-7222-768x1152.jpg 768w, https:\/\/solrosen.floradekor.com\/wp-content\/uploads\/2021\/08\/JG-7222-683x1024.jpg 683w, https:\/\/solrosen.floradekor.com\/wp-content\/uploads\/2021\/08\/JG-7222.jpg 1280w\" sizes=\"(max-width: 200px) 100vw, 200px\" \/>\n\t\t\t<\/dt>\n\t\t\t\t<dd class='wp-caption-text gallery-caption' id='gallery-2-741'>\n\t\t\t\tSandra Bergstr\u00f6m<br> <span style=\"font-size: 8pt; color:#707070;\">Pedagog\/Barnsk\u00f6tare<\/span>\n\t\t\t\t<\/dd><\/dl><br style=\"clear: both\" \/><dl class='gallery-item'>\n\t\t\t<dt class='gallery-icon portrait'>\n\t\t\t\t<img width=\"200\" height=\"300\" src=\"https:\/\/solrosen.floradekor.com\/wp-content\/uploads\/2026\/02\/JG-2249.jpg\" class=\"attachment-medium size-medium\" alt=\"\" decoding=\"async\" loading=\"lazy\" aria-describedby=\"gallery-2-934\" \/>\n\t\t\t<\/dt>\n\t\t\t\t<dd class='wp-caption-text gallery-caption' id='gallery-2-934'>\n\t\t\t\tM\u00e1rton Kunszt<br> <span style=\"font-size: 8pt; color:#707070;\">Pedagog\/Barnsk\u00f6tare<\/span>\n\t\t\t\t<\/dd><\/dl>\n\t\t\t<br style='clear: both' \/>\n\t\t<\/div>\n\n<p><!-- comment\n\n\n\n<hr \/>\n\n\n\n\n<p style=\"text-align: center; font-size: 18pt; margin-bottom: 0px;\"><strong>Kotten 1 - 3 \u00e5r\n<\/strong><\/p>\n\n\n[gallery columns=\"2\" size=\"medium\" link=\"none\" ids=\"811,830\"]\n\n--><\/p>\n<hr \/>\n<p style=\"text-align: center; font-size: 18pt; margin-bottom: 0px;\"><strong>Vikarie<\/strong><\/p>\n\n\t\t<style type=\"text\/css\">\n\t\t\t#gallery-3 {\n\t\t\t\tmargin: auto;\n\t\t\t}\n\t\t\t#gallery-3 .gallery-item {\n\t\t\t\tfloat: left;\n\t\t\t\tmargin-top: 10px;\n\t\t\t\ttext-align: center;\n\t\t\t\twidth: 50%;\n\t\t\t}\n\t\t\t#gallery-3 img {\n\t\t\t\tborder: 2px solid #cfcfcf;\n\t\t\t}\n\t\t\t#gallery-3 .gallery-caption {\n\t\t\t\tmargin-left: 0;\n\t\t\t}\n\t\t\t\/* see gallery_shortcode() in wp-includes\/media.php *\/\n\t\t<\/style>\n\t\t<div id='gallery-3' class='gallery galleryid-597 gallery-columns-2 gallery-size-medium'><dl class='gallery-item'>\n\t\t\t<dt class='gallery-icon portrait'>\n\t\t\t\t<img width=\"198\" height=\"300\" src=\"https:\/\/solrosen.floradekor.com\/wp-content\/uploads\/2014\/02\/JG_2678-198x300.jpg\" class=\"attachment-medium size-medium\" alt=\"\" decoding=\"async\" loading=\"lazy\" aria-describedby=\"gallery-3-296\" srcset=\"https:\/\/solrosen.floradekor.com\/wp-content\/uploads\/2014\/02\/JG_2678-198x300.jpg 198w, https:\/\/solrosen.floradekor.com\/wp-content\/uploads\/2014\/02\/JG_2678-768x1162.jpg 768w, https:\/\/solrosen.floradekor.com\/wp-content\/uploads\/2014\/02\/JG_2678-677x1024.jpg 677w, https:\/\/solrosen.floradekor.com\/wp-content\/uploads\/2014\/02\/JG_2678.jpg 1149w\" sizes=\"(max-width: 198px) 100vw, 198px\" \/>\n\t\t\t<\/dt>\n\t\t\t\t<dd class='wp-caption-text gallery-caption' id='gallery-3-296'>\n\t\t\t\tAgneta Karlsson <br> <span style=\"font-size: 8pt; color:#707070;\">Pedagog\/Barnsk\u00f6tare<\/span>\n\t\t\t\t<\/dd><\/dl><dl class='gallery-item'>\n\t\t\t<dt class='gallery-icon portrait'>\n\t\t\t\t<img width=\"200\" height=\"300\" src=\"https:\/\/solrosen.floradekor.com\/wp-content\/uploads\/2022\/07\/JG-6315-2-200x300.jpg\" class=\"attachment-medium size-medium\" alt=\"\" decoding=\"async\" loading=\"lazy\" aria-describedby=\"gallery-3-806\" srcset=\"https:\/\/solrosen.floradekor.com\/wp-content\/uploads\/2022\/07\/JG-6315-2-200x300.jpg 200w, https:\/\/solrosen.floradekor.com\/wp-content\/uploads\/2022\/07\/JG-6315-2-768x1152.jpg 768w, https:\/\/solrosen.floradekor.com\/wp-content\/uploads\/2022\/07\/JG-6315-2-683x1024.jpg 683w, https:\/\/solrosen.floradekor.com\/wp-content\/uploads\/2022\/07\/JG-6315-2.jpg 1280w\" sizes=\"(max-width: 200px) 100vw, 200px\" \/>\n\t\t\t<\/dt>\n\t\t\t\t<dd class='wp-caption-text gallery-caption' id='gallery-3-806'>\n\t\t\t\t Duh Bik Hlawn Ceu <br> <span style=\"font-size: 8pt; color:#707070;\">Pedagog\/Barnsk\u00f6tare<\/span>\n\t\t\t\t<\/dd><\/dl><br style=\"clear: both\" \/><dl class='gallery-item'>\n\t\t\t<dt class='gallery-icon portrait'>\n\t\t\t\t<img width=\"200\" height=\"300\" src=\"https:\/\/solrosen.floradekor.com\/wp-content\/uploads\/2026\/02\/JG-2249.jpg\" class=\"attachment-medium size-medium\" alt=\"\" decoding=\"async\" loading=\"lazy\" aria-describedby=\"gallery-3-934\" \/>\n\t\t\t<\/dt>\n\t\t\t\t<dd class='wp-caption-text gallery-caption' id='gallery-3-934'>\n\t\t\t\tM\u00e1rton Kunszt<br> <span style=\"font-size: 8pt; color:#707070;\">Pedagog\/Barnsk\u00f6tare<\/span>\n\t\t\t\t<\/dd><\/dl>\n\t\t\t<br style='clear: both' \/>\n\t\t<\/div>\n\n<hr \/>\n<p style=\"text-align: center; font-size: 18pt; margin-bottom: 0px;\"><strong>Mat och St\u00e4d<\/strong><\/p>\n\n\t\t<style type=\"text\/css\">\n\t\t\t#gallery-4 {\n\t\t\t\tmargin: auto;\n\t\t\t}\n\t\t\t#gallery-4 .gallery-item {\n\t\t\t\tfloat: left;\n\t\t\t\tmargin-top: 10px;\n\t\t\t\ttext-align: center;\n\t\t\t\twidth: 50%;\n\t\t\t}\n\t\t\t#gallery-4 img {\n\t\t\t\tborder: 2px solid #cfcfcf;\n\t\t\t}\n\t\t\t#gallery-4 .gallery-caption {\n\t\t\t\tmargin-left: 0;\n\t\t\t}\n\t\t\t\/* see gallery_shortcode() in wp-includes\/media.php *\/\n\t\t<\/style>\n\t\t<div id='gallery-4' class='gallery galleryid-597 gallery-columns-2 gallery-size-medium'><dl class='gallery-item'>\n\t\t\t<dt class='gallery-icon portrait'>\n\t\t\t\t<img width=\"199\" height=\"300\" src=\"https:\/\/solrosen.floradekor.com\/wp-content\/uploads\/2016\/03\/JG_2622-199x300.jpg\" class=\"attachment-medium size-medium\" alt=\"\" decoding=\"async\" loading=\"lazy\" aria-describedby=\"gallery-4-281\" srcset=\"https:\/\/solrosen.floradekor.com\/wp-content\/uploads\/2016\/03\/JG_2622-199x300.jpg 199w, https:\/\/solrosen.floradekor.com\/wp-content\/uploads\/2016\/03\/JG_2622-768x1157.jpg 768w, https:\/\/solrosen.floradekor.com\/wp-content\/uploads\/2016\/03\/JG_2622-680x1024.jpg 680w, https:\/\/solrosen.floradekor.com\/wp-content\/uploads\/2016\/03\/JG_2622.jpg 1152w\" sizes=\"(max-width: 199px) 100vw, 199px\" \/>\n\t\t\t<\/dt>\n\t\t\t\t<dd class='wp-caption-text gallery-caption' id='gallery-4-281'>\n\t\t\t\tAnette Karlsson <br> <span style=\"font-size: 8pt; color:#707070;\">St\u00e4dning<\/span>\n\t\t\t\t<\/dd><\/dl><dl class='gallery-item'>\n\t\t\t<dt class='gallery-icon portrait'>\n\t\t\t\t<img width=\"200\" height=\"300\" src=\"https:\/\/solrosen.floradekor.com\/wp-content\/uploads\/2021\/04\/JG-6315-200x300.jpg\" class=\"attachment-medium size-medium\" alt=\"\" decoding=\"async\" loading=\"lazy\" aria-describedby=\"gallery-4-724\" srcset=\"https:\/\/solrosen.floradekor.com\/wp-content\/uploads\/2021\/04\/JG-6315-200x300.jpg 200w, https:\/\/solrosen.floradekor.com\/wp-content\/uploads\/2021\/04\/JG-6315-768x1152.jpg 768w, https:\/\/solrosen.floradekor.com\/wp-content\/uploads\/2021\/04\/JG-6315-683x1024.jpg 683w, https:\/\/solrosen.floradekor.com\/wp-content\/uploads\/2021\/04\/JG-6315.jpg 1280w\" sizes=\"(max-width: 200px) 100vw, 200px\" \/>\n\t\t\t<\/dt>\n\t\t\t\t<dd class='wp-caption-text gallery-caption' id='gallery-4-724'>\n\t\t\t\tDuh Bik Hlawn Ceu <br> <span style=\"font-size: 8pt; color:#707070;\">Servering mat, disk , st\u00e4d, vikarie i barngrupp<\/span>\n\t\t\t\t<\/dd><\/dl><br style=\"clear: both\" \/>\n\t\t<\/div>\n\n<hr \/>\n<p style=\"text-align: center; font-size: 18pt; margin-bottom: 0px;\"><strong>Administration<br \/>\n<\/strong><\/p>\n\n\t\t<style type=\"text\/css\">\n\t\t\t#gallery-5 {\n\t\t\t\tmargin: auto;\n\t\t\t}\n\t\t\t#gallery-5 .gallery-item {\n\t\t\t\tfloat: left;\n\t\t\t\tmargin-top: 10px;\n\t\t\t\ttext-align: center;\n\t\t\t\twidth: 50%;\n\t\t\t}\n\t\t\t#gallery-5 img {\n\t\t\t\tborder: 2px solid #cfcfcf;\n\t\t\t}\n\t\t\t#gallery-5 .gallery-caption {\n\t\t\t\tmargin-left: 0;\n\t\t\t}\n\t\t\t\/* see gallery_shortcode() in wp-includes\/media.php *\/\n\t\t<\/style>\n\t\t<div id='gallery-5' class='gallery galleryid-597 gallery-columns-2 gallery-size-medium'><dl class='gallery-item'>\n\t\t\t<dt class='gallery-icon portrait'>\n\t\t\t\t<img width=\"200\" height=\"300\" src=\"https:\/\/solrosen.floradekor.com\/wp-content\/uploads\/2021\/09\/JG-7471-1-200x300.jpg\" class=\"attachment-medium size-medium\" alt=\"\" decoding=\"async\" loading=\"lazy\" aria-describedby=\"gallery-5-751\" srcset=\"https:\/\/solrosen.floradekor.com\/wp-content\/uploads\/2021\/09\/JG-7471-1-200x300.jpg 200w, https:\/\/solrosen.floradekor.com\/wp-content\/uploads\/2021\/09\/JG-7471-1-768x1152.jpg 768w, https:\/\/solrosen.floradekor.com\/wp-content\/uploads\/2021\/09\/JG-7471-1-683x1024.jpg 683w, https:\/\/solrosen.floradekor.com\/wp-content\/uploads\/2021\/09\/JG-7471-1.jpg 1280w\" sizes=\"(max-width: 200px) 100vw, 200px\" \/>\n\t\t\t<\/dt>\n\t\t\t\t<dd class='wp-caption-text gallery-caption' id='gallery-5-751'>\n\t\t\t\tMike Karlsson<br> <span style=\"font-size: 8pt; color:#707070;\">Administrat\u00f6r, Marknadsf\u00f6ring, S\u00e4kerhet lekmilj\u00f6 ute<\/span>\n\t\t\t\t<\/dd><\/dl>\n\t\t\t<br style='clear: both' \/>\n\t\t<\/div>\n\n<hr \/>\n<p style=\"text-align: center; font-size: 18pt; margin-bottom: 0px;\"><strong>Rektor och Huvudman<\/strong><\/p>\n\n\t\t<style type=\"text\/css\">\n\t\t\t#gallery-6 {\n\t\t\t\tmargin: auto;\n\t\t\t}\n\t\t\t#gallery-6 .gallery-item {\n\t\t\t\tfloat: left;\n\t\t\t\tmargin-top: 10px;\n\t\t\t\ttext-align: center;\n\t\t\t\twidth: 50%;\n\t\t\t}\n\t\t\t#gallery-6 img {\n\t\t\t\tborder: 2px solid #cfcfcf;\n\t\t\t}\n\t\t\t#gallery-6 .gallery-caption {\n\t\t\t\tmargin-left: 0;\n\t\t\t}\n\t\t\t\/* see gallery_shortcode() in wp-includes\/media.php *\/\n\t\t<\/style>\n\t\t<div id='gallery-6' class='gallery galleryid-597 gallery-columns-2 gallery-size-medium'><dl class='gallery-item'>\n\t\t\t<dt class='gallery-icon portrait'>\n\t\t\t\t<img width=\"200\" height=\"300\" src=\"https:\/\/solrosen.floradekor.com\/wp-content\/uploads\/2022\/01\/JG-8068-200x300.jpg\" class=\"attachment-medium size-medium\" alt=\"\" decoding=\"async\" loading=\"lazy\" aria-describedby=\"gallery-6-782\" srcset=\"https:\/\/solrosen.floradekor.com\/wp-content\/uploads\/2022\/01\/JG-8068-200x300.jpg 200w, https:\/\/solrosen.floradekor.com\/wp-content\/uploads\/2022\/01\/JG-8068-768x1152.jpg 768w, https:\/\/solrosen.floradekor.com\/wp-content\/uploads\/2022\/01\/JG-8068-683x1024.jpg 683w, https:\/\/solrosen.floradekor.com\/wp-content\/uploads\/2022\/01\/JG-8068.jpg 1280w\" sizes=\"(max-width: 200px) 100vw, 200px\" \/>\n\t\t\t<\/dt>\n\t\t\t\t<dd class='wp-caption-text gallery-caption' id='gallery-6-782'>\n\t\t\t\tAnette Limstand <br> <span style=\"font-size: 8pt; color:#707070;\">Rektor och Pedagog<\/span>\n\t\t\t\t<\/dd><\/dl><dl class='gallery-item'>\n\t\t\t<dt class='gallery-icon portrait'>\n\t\t\t\t<img width=\"199\" height=\"300\" src=\"https:\/\/solrosen.floradekor.com\/wp-content\/uploads\/2016\/03\/JG_0863-298x450-199x300.jpg\" class=\"attachment-medium size-medium\" alt=\"\" decoding=\"async\" loading=\"lazy\" aria-describedby=\"gallery-6-298\" srcset=\"https:\/\/solrosen.floradekor.com\/wp-content\/uploads\/2016\/03\/JG_0863-298x450-199x300.jpg 199w, https:\/\/solrosen.floradekor.com\/wp-content\/uploads\/2016\/03\/JG_0863-298x450.jpg 298w\" sizes=\"(max-width: 199px) 100vw, 199px\" \/>\n\t\t\t<\/dt>\n\t\t\t\t<dd class='wp-caption-text gallery-caption' id='gallery-6-298'>\n\t\t\t\tJohn Limstrand <br> <span style=\"font-size: 8pt; color:#707070;\">Huvudman, Fastighet, Chef i k\u00f6ket, m.m.<\/span>\n\t\t\t\t<\/dd><\/dl><br style=\"clear: both\" \/>\n\t\t<\/div>\n\n<p>&#8211;&gt;<\/p>\n","protected":false},"excerpt":{"rendered":"<p>Vi som jobbar p\u00e5 f\u00f6rskolan Solrosen i Lena: Nyckelpigan 4 &#8211; 6 \u00e5r Humlan &amp; Kotten 3 &#8211; 5 \u00e5r Vikarie Mat och St\u00e4d Administration Rektor och Huvudman &#8211;&gt;<\/p>\n","protected":false},"author":3,"featured_media":0,"parent":0,"menu_order":0,"comment_status":"closed","ping_status":"closed","template":"","meta":[],"_links":{"self":[{"href":"https:\/\/solrosen.floradekor.com\/index.php?rest_route=\/wp\/v2\/pages\/597"}],"collection":[{"href":"https:\/\/solrosen.floradekor.com\/index.php?rest_route=\/wp\/v2\/pages"}],"about":[{"href":"https:\/\/solrosen.floradekor.com\/index.php?rest_route=\/wp\/v2\/types\/page"}],"author":[{"embeddable":true,"href":"https:\/\/solrosen.floradekor.com\/index.php?rest_route=\/wp\/v2\/users\/3"}],"replies":[{"embeddable":true,"href":"https:\/\/solrosen.floradekor.com\/index.php?rest_route=%2Fwp%2Fv2%2Fcomments&post=597"}],"version-history":[{"count":76,"href":"https:\/\/solrosen.floradekor.com\/index.php?rest_route=\/wp\/v2\/pages\/597\/revisions"}],"predecessor-version":[{"id":937,"href":"https:\/\/solrosen.floradekor.com\/index.php?rest_route=\/wp\/v2\/pages\/597\/revisions\/937"}],"wp:attachment":[{"href":"https:\/\/solrosen.floradekor.com\/index.php?rest_route=%2Fwp%2Fv2%2Fmedia&parent=597"}],"curies":[{"name":"wp","href":"https:\/\/api.w.org\/{rel}","templated":true}]}}