{"id":14,"date":"2014-02-22T14:31:20","date_gmt":"2014-02-22T14:31:20","guid":{"rendered":"http:\/\/solrosen.floradekor.com\/?page_id=14"},"modified":"2018-05-20T18:46:30","modified_gmt":"2018-05-20T18:46:30","slug":"pedagogiken","status":"publish","type":"page","link":"https:\/\/solrosen.floradekor.com\/?page_id=14","title":{"rendered":"Om F\u00f6rskolan"},"content":{"rendered":"<h1>F\u00f6rskolan Solrosen ligger i en trevlig milj\u00f6 med naturen som n\u00e4rmsta granne.<br \/>\nVi vistas mycket utomhus f\u00f6r \u00f6kad h\u00e4lsa och friskv\u00e5rd, och som ett led i det sover ocks\u00e5 barnen ute i sina vagnar. Tillsammans f\u00f6ljer vi \u00e5rstiderna och naturens skiftningar, vi odlar egna gr\u00f6nsaker och potatis som vi f\u00e5r se v\u00e4xa. I v\u00e5rt tillagningsk\u00f6k anv\u00e4nder vi oss helst av n\u00e4rodlade och ekologiska varor och naturligtvis \u00e4ven det som vi odlar sj\u00e4lva.<\/h1>\n<p><a href=\"http:\/\/solrosen.floradekor.com\/wp-content\/uploads\/2014\/02\/SDC10940.jpg\"><img decoding=\"async\" loading=\"lazy\" class=\"alignleft wp-image-146\" src=\"http:\/\/solrosen.floradekor.com\/wp-content\/uploads\/2014\/02\/SDC10940-225x300.jpg\" alt=\"SDC10940\" width=\"196\" height=\"258\" \/><\/a><a href=\"http:\/\/solrosen.floradekor.com\/wp-content\/uploads\/2014\/02\/SDC10944.jpg\"><img decoding=\"async\" loading=\"lazy\" class=\"alignleft wp-image-147\" src=\"http:\/\/solrosen.floradekor.com\/wp-content\/uploads\/2014\/02\/SDC10944-300x225.jpg\" alt=\"SDC10944\" width=\"298\" height=\"226\" \/><\/a><\/p>\n<p>&nbsp;<\/p>\n<p>&nbsp;<\/p>\n<p>&nbsp;<\/p>\n<p>&nbsp;<\/p>\n<p>&nbsp;<\/p>\n<p>&nbsp;<\/p>\n<p>&nbsp;<\/p>\n<p><a href=\"http:\/\/solrosen.floradekor.com\/wp-content\/uploads\/2014\/02\/10409964_10152882966184278_1190429160_n1.jpg\"><img decoding=\"async\" loading=\"lazy\" class=\"alignleft size-medium wp-image-155\" src=\"http:\/\/solrosen.floradekor.com\/wp-content\/uploads\/2014\/02\/10409964_10152882966184278_1190429160_n1-225x300.jpg\" alt=\"10409964_10152882966184278_1190429160_n\" width=\"225\" height=\"300\" srcset=\"https:\/\/solrosen.floradekor.com\/wp-content\/uploads\/2014\/02\/10409964_10152882966184278_1190429160_n1-225x300.jpg 225w, https:\/\/solrosen.floradekor.com\/wp-content\/uploads\/2014\/02\/10409964_10152882966184278_1190429160_n1.jpg 720w\" sizes=\"(max-width: 225px) 100vw, 225px\" \/><\/a><\/p>\n<p>&nbsp;<\/p>\n<p>Djur och natur g\u00e5r som en r\u00f6d tr\u00e5d genom hela v\u00e5r verksamhet. N\u00e4r vi umg\u00e5s mycket med g\u00e5rdens alla djur l\u00e4r vi oss visa omsorg och respekt. Naturkunskap, matematik och spr\u00e5k finns med naturligt n\u00e4r vi vistas bland djuren och det lockar till m\u00e5nga samtal.<\/p>\n<p>&nbsp;<\/p>\n<p>&nbsp;<\/p>\n<p>&nbsp;<\/p>\n<p>&nbsp;<\/p>\n<p><img decoding=\"async\" loading=\"lazy\" class=\"alignleft wp-image-424 size-medium\" src=\"http:\/\/solrosen.floradekor.com\/wp-content\/uploads\/2018\/05\/JG_8142-300x199.jpg\" alt=\"\" width=\"300\" height=\"199\" srcset=\"https:\/\/solrosen.floradekor.com\/wp-content\/uploads\/2018\/05\/JG_8142-300x199.jpg 300w, https:\/\/solrosen.floradekor.com\/wp-content\/uploads\/2018\/05\/JG_8142-768x510.jpg 768w, https:\/\/solrosen.floradekor.com\/wp-content\/uploads\/2018\/05\/JG_8142-1024x680.jpg 1024w, https:\/\/solrosen.floradekor.com\/wp-content\/uploads\/2018\/05\/JG_8142-452x300.jpg 452w, https:\/\/solrosen.floradekor.com\/wp-content\/uploads\/2018\/05\/JG_8142.jpg 1735w\" sizes=\"(max-width: 300px) 100vw, 300px\" \/>Musiken \u00e4r viktig\u00a0p\u00e5 f\u00f6rskolan. Rytm, s\u00e5ng, dans och drama st\u00e4rker barnen som individer och gruppmedlemmar. I musiken tr\u00e4nas samspel, kroppsuppfattning, sj\u00e4lvk\u00e4nsla, spr\u00e5k och mycket mer. Och h\u00e4r l\u00e4ggs grunden f\u00f6r ett livsl\u00e5ngt och lustfyllt l\u00e4rande.<\/p>\n<h1 style=\"text-align: center;\"><\/h1>\n<p>&nbsp;<\/p>\n<h1 style=\"text-align: left;\">V\u00e5r f\u00f6rskola ska vara rolig, trygg, utmanande och en plats d\u00e4r alla barn k\u00e4nner sig delaktiga. Vi f\u00f6ljer l\u00e4roplanen f\u00f6r f\u00f6rskolan och det \u00e4r barnens nyfikenhet och intresse som \u00e4r v\u00e5r drivkraft. Tillsammans skapar vi en levande f\u00f6rskola d\u00e4r lek och l\u00e4rande g\u00e5r hand i hand.<\/h1>\n<p>&nbsp;<\/p>\n<p>F\u00f6rskolan\u00a0har en kristen profil vilket inneb\u00e4r att vi arbetar utifr\u00e5n en v\u00e4rdegrund som bottnar i alla m\u00e4nniskors lika v\u00e4rde, och att vi ska behandla andra s\u00e5 som vi sj\u00e4lva vill bli behandlade. Vi \u00f6nskar ocks\u00e5 ge barnen kunskap och f\u00f6rst\u00e5else kring v\u00e5ra traditioner och kristna h\u00f6gtider. Till oss \u00e4r alla barn och f\u00f6r\u00e4ldrar varmt v\u00e4lkomna oberoende av trosinriktning.<\/p>\n<p>&nbsp;<\/p>\n","protected":false},"excerpt":{"rendered":"<p>F\u00f6rskolan Solrosen ligger i en trevlig milj\u00f6 med naturen som n\u00e4rmsta granne. Vi vistas mycket utomhus f\u00f6r \u00f6kad h\u00e4lsa och friskv\u00e5rd, och som ett led i det sover ocks\u00e5 barnen ute i sina vagnar. Tillsammans f\u00f6ljer vi \u00e5rstiderna och naturens &hellip; <a href=\"https:\/\/solrosen.floradekor.com\/?page_id=14\">Forts\u00e4tt l\u00e4sa <span class=\"meta-nav\">&rarr;<\/span><\/a><\/p>\n","protected":false},"author":3,"featured_media":0,"parent":0,"menu_order":0,"comment_status":"closed","ping_status":"open","template":"","meta":[],"_links":{"self":[{"href":"https:\/\/solrosen.floradekor.com\/index.php?rest_route=\/wp\/v2\/pages\/14"}],"collection":[{"href":"https:\/\/solrosen.floradekor.com\/index.php?rest_route=\/wp\/v2\/pages"}],"about":[{"href":"https:\/\/solrosen.floradekor.com\/index.php?rest_route=\/wp\/v2\/types\/page"}],"author":[{"embeddable":true,"href":"https:\/\/solrosen.floradekor.com\/index.php?rest_route=\/wp\/v2\/users\/3"}],"replies":[{"embeddable":true,"href":"https:\/\/solrosen.floradekor.com\/index.php?rest_route=%2Fwp%2Fv2%2Fcomments&post=14"}],"version-history":[{"count":28,"href":"https:\/\/solrosen.floradekor.com\/index.php?rest_route=\/wp\/v2\/pages\/14\/revisions"}],"predecessor-version":[{"id":425,"href":"https:\/\/solrosen.floradekor.com\/index.php?rest_route=\/wp\/v2\/pages\/14\/revisions\/425"}],"wp:attachment":[{"href":"https:\/\/solrosen.floradekor.com\/index.php?rest_route=%2Fwp%2Fv2%2Fmedia&parent=14"}],"curies":[{"name":"wp","href":"https:\/\/api.w.org\/{rel}","templated":true}]}}